{"id":2924,"date":"2026-04-14T15:58:08","date_gmt":"2026-04-14T13:58:08","guid":{"rendered":"https:\/\/unicuida.com\/politica-de-calidad\/"},"modified":"2026-04-14T16:29:17","modified_gmt":"2026-04-14T14:29:17","slug":"politica-de-calidad","status":"publish","type":"page","link":"https:\/\/unicuida.com\/es\/politica-de-calidad\/","title":{"rendered":"Pol\u00edtica de Calidad"},"content":{"rendered":"\n<p class=\"has-black-color has-text-color has-link-color has-medium-font-size wp-elements-9d79208d1c10e8fa89e381fe71bb4fdf\">Pol\u00edtica de Calidad ISO 9001:2015<\/p>\n\n<p>UNIQ CARE, SL somos una empresa con m\u00e1s de 8 a\u00f1os de experiencia dedicada a la Gesti\u00f3n y Prestaci\u00f3n del Servicio de Ayuda a Domicilio. Lo importante para nosotros son las personas y queremos ofrecer a nuestros clientes y usuarios la tranquilidad y seguridad de que sus familiares se encuentran en buenas manos. Por eso utilizamos una filosof\u00eda que se basa en cuatro pilares:<\/p>\n\n<p>&#8211; Compromiso e identificaci\u00f3n con las personas dependientes y sus familias.<\/p>\n\n<p>&#8211; Transparencia en toda nuestra actividad. Nuestras puertas est\u00e1n siempre abiertas.<\/p>\n\n<p>&#8211; Profesionalidad del personal, con formaci\u00f3n por encima de los requisitos legales.<\/p>\n\n<p>&#8211; Respeto, calidez, sensibilidad y cercan\u00eda con el usuario.<\/p>\n\n<p>El objetivo principal de la Gesti\u00f3n y Prestaci\u00f3n del Servicio de Ayuda a Domicilio (SAD) es incrementar la autonom\u00eda de la persona atendida y de su familia o unidad de convivencia, para que esta pueda permanecer en su domicilio el mayor tiempo posible, manteniendo el control sobre su vida y mejorando su calidad.<\/p>\n\n<p>En UNIQ CARE S.L. estamos implantando un sistema de calidad seg\u00fan la norma UNE-EN ISO 9001:2015 con la intenci\u00f3n de mejorar la prestaci\u00f3n de sus servicios y la satisfacci\u00f3n de sus usuarios y familiares.<\/p>\n\n<p>Para conseguirlo, establecemos y asumimos los siguientes principios: <\/p>\n\n<p>&#8211; La meta de UNIQ CARE, S.L. es la mejora continua de la calidad en todas sus actividades, siendo responsabilidad de la direcci\u00f3n promover la concienciaci\u00f3n del personal, mantener actualizada su formaci\u00f3n y proporcionar los recursos necesarios para su consecuci\u00f3n.<\/p>\n\n<p>&#8211; La finalidad del Sistema de Gesti\u00f3n es realizar la actividad de UNIQ CARE, S.L. con los m\u00e1ximos niveles de calidad, y garantizar a sus clientes y usuarios que los servicios prestados cubrir\u00e1n en todo momento sus requisitos y expectativas, as\u00ed como los requisitos legales y reglamentarios relacionados con los mismos.<\/p>\n\n<p>&#8211; Para poder cumplir con estos compromisos, la Direcci\u00f3n de UNIQ CARE S.L. define anualmente unos objetivos de calidad en la prestaci\u00f3n de sus servicios coherentes con esta Pol\u00edtica, que se revisar\u00e1n peri\u00f3dicamente junto con el sistema para garantizar su eficacia, asegurando que la Pol\u00edtica de Calidad se pone en pr\u00e1ctica y se mantiene actualizada.<\/p>\n\n<p>&#8211; Igualmente esta Pol\u00edtica es comunicada y entendida dentro de la organizaci\u00f3n y externamente entre nuestros clientes, usuarios, proveedores, colaboradores as\u00ed como con la administraci\u00f3n p\u00fablica y se revisa por su continua adecuaci\u00f3n a su contexto. Para conseguir este compromiso es necesaria la colaboraci\u00f3n de todos los integrantes del capital humano de UNIQ CARE, SL. Esta Pol\u00edtica contribuir\u00e1 a confeccionar un mejor futuro para todos ya obtener el reconocimiento de nuestros clientes y usuarios por el alto nivel de los servicios prestados. <\/p>\n","protected":false},"excerpt":{"rendered":"<p>Pol\u00edtica de Calidad ISO 9001:2015 UNIQ CARE, SL somos una empresa con m\u00e1s de 8 a\u00f1os de experiencia dedicada a la Gesti\u00f3n y Prestaci\u00f3n del Servicio<span class=\"excerpt-hellip\"> [\u2026]<\/span><\/p>\n","protected":false},"author":1,"featured_media":0,"parent":0,"menu_order":0,"comment_status":"closed","ping_status":"closed","template":"","meta":{"footnotes":""},"class_list":["post-2924","page","type-page","status-publish","hentry"],"_links":{"self":[{"href":"https:\/\/unicuida.com\/es\/wp-json\/wp\/v2\/pages\/2924","targetHints":{"allow":["GET"]}}],"collection":[{"href":"https:\/\/unicuida.com\/es\/wp-json\/wp\/v2\/pages"}],"about":[{"href":"https:\/\/unicuida.com\/es\/wp-json\/wp\/v2\/types\/page"}],"author":[{"embeddable":true,"href":"https:\/\/unicuida.com\/es\/wp-json\/wp\/v2\/users\/1"}],"replies":[{"embeddable":true,"href":"https:\/\/unicuida.com\/es\/wp-json\/wp\/v2\/comments?post=2924"}],"version-history":[{"count":2,"href":"https:\/\/unicuida.com\/es\/wp-json\/wp\/v2\/pages\/2924\/revisions"}],"predecessor-version":[{"id":2928,"href":"https:\/\/unicuida.com\/es\/wp-json\/wp\/v2\/pages\/2924\/revisions\/2928"}],"wp:attachment":[{"href":"https:\/\/unicuida.com\/es\/wp-json\/wp\/v2\/media?parent=2924"}],"curies":[{"name":"wp","href":"https:\/\/api.w.org\/{rel}","templated":true}]}}