{"id":394,"date":"2024-05-27T19:27:26","date_gmt":"2024-05-27T17:27:26","guid":{"rendered":"https:\/\/unicuida.com\/beta\/?page_id=394"},"modified":"2024-05-27T19:27:27","modified_gmt":"2024-05-27T17:27:27","slug":"avis-legal","status":"publish","type":"page","link":"https:\/\/unicuida.com\/es\/avis-legal\/","title":{"rendered":"Av\u00eds Legal"},"content":{"rendered":"\n<p>UNIQ CARE S.L., amb domicili social en Ctra. de Cardona, 30, 08242 MANRESA, amb CIF B-67608620, \u00e9s titular d\u2019aquest Lloc web i ser\u00e0 denominat en aquest document com Unicuida.<\/p>\n\n\n\n<p><strong>Objecte de la web de Unicuida<\/strong><\/p>\n\n\n\n<p>El lloc web unicuida.com (d\u2019ara endavant, \u201cel lloc web\u201d) ha estat dissenyat per a donar a con\u00e8ixer i permetre l\u2019acc\u00e9s general de tots els usuaris a la informaci\u00f3, activitats, productes i serveis diversos, oferts per Unicuida.<\/p>\n\n\n\n<p><strong>Condicions d\u2019\u00fas<\/strong><\/p>\n\n\n\n<p>La utilitzaci\u00f3 del lloc web atribueix al navegant la condici\u00f3 d\u2019Usuari del Lloc, la qual cosa implica la seva plena acceptaci\u00f3 de les Condicions d\u2019\u00das en la versi\u00f3 publicada en el moment en qu\u00e8 s\u2019accedeixi a aquest.<\/p>\n\n\n\n<p>Unicuida podr\u00e0 alterar en qualsevol moment i sense previ av\u00eds el disseny, presentaci\u00f3 i\/o configuraci\u00f3 del lloc web, aix\u00ed com alguns o tots els continguts, i modificar les condicions generals i\/o condicions particulars requerides per a utilitzar els mateixos.<\/p>\n\n\n\n<p><strong>Propietat intel\u00b7lectual i industrial<\/strong><\/p>\n\n\n\n<p>Unicuida ostenta els drets de propietat intel\u00b7lectual sobre els continguts (textos, documents, imatges i altres components), dissenyo gr\u00e0fic i codi del lloc web, per la qual cosa queda prohibida la reproducci\u00f3, distribuci\u00f3, comunicaci\u00f3 p\u00fablica, i transformaci\u00f3, sense l\u2019autoritzaci\u00f3 pr\u00e8via de Unicuida, derivant-se les responsabilitats al fet que pertoqu\u00e9s a conseq\u00fc\u00e8ncia de la vulneraci\u00f3 de les lleis de propietat intel\u00b7lectual.<\/p>\n\n\n\n<p>Igualment, tots els noms comercials, marques o signes distintius de qualsevol classe continguts en la p\u00e0gina web estan protegits per la Llei i degudament registrats a nom del seu titular, derivant-se les responsabilitats al fet que pertoqu\u00e9s a conseq\u00fc\u00e8ncia de la vulneraci\u00f3 de les lleis de propietat industrial.<\/p>\n\n\n\n<p><strong>Protecci\u00f3 de dades<\/strong><\/p>\n\n\n\n<p>Unicuida t\u00e9 implantat un sistema per a preservar la seguretat, integritat i confidencialitat de les dades personals de l\u2019Usuari.<\/p>\n\n\n\n<p>Per a la contractaci\u00f3 dels serveis oferts per Unicuida, l\u2019Usuari haur\u00e0 de proporcionar dades de car\u00e0cter personal, que seran tractats conforme al Reglament Europeu 2016\/679 de protecci\u00f3 de dades (d\u2019ara endavant, el \u201cRGPD\u201d), aix\u00ed com a tota la normativa relativa a la protecci\u00f3 de dades de car\u00e0cter personal que es trobi vigent en el moment, el tractament i la finalitat del qual es recullen en la Pol\u00edtica de Privacitat i Cookies, que pot ser consultada a trav\u00e9s del Lloc web.<\/p>\n\n\n\n<p>Per a aix\u00f2 a m\u00e9s de complir la normativa del RGPD garanteix un \u00fas no sols legal sin\u00f3 lleial de les dades personals, aix\u00ed com un sistema adequat per a exercitar els drets d\u2019acc\u00e9s, rectificaci\u00f3, supressi\u00f3, limitaci\u00f3 del tractament, portabilitat i oposici\u00f3. D\u2019aquesta manera, els Usuaris podran exercitar qualsevol dels seus drets mitjan\u00e7ant escrit dirigit a Unicuida, acreditant la seva identitat. Unicuida posa a la disposici\u00f3 dels Usuaris informaci\u00f3 clara i completa sobre la Pol\u00edtica de Privacitat i Cookies, la qual pot ser consultada en aquest Lloc web. Aix\u00ed mateix, l\u2019Usuari podr\u00e0 contactar amb l\u2019Ag\u00e8ncia Espanyola de Protecci\u00f3 de Dades.<\/p>\n\n\n\n<p><strong>Pol\u00edtica de Cookies<\/strong><\/p>\n\n\n\n<p>Aquest lloc web cont\u00e9 Cookies, consulti la seva pol\u00edtica de Cookies per a ampliar informaci\u00f3 sobre aquest tema.<\/p>\n","protected":false},"excerpt":{"rendered":"<p>UNIQ CARE S.L., amb domicili social en Ctra. de Cardona, 30, 08242 MANRESA, amb CIF B-67608620, \u00e9s titular d\u2019aquest Lloc web i ser\u00e0 denominat en aquest<span class=\"excerpt-hellip\"> [\u2026]<\/span><\/p>\n","protected":false},"author":1,"featured_media":0,"parent":0,"menu_order":0,"comment_status":"closed","ping_status":"closed","template":"","meta":{"footnotes":""},"class_list":["post-394","page","type-page","status-publish","hentry"],"_links":{"self":[{"href":"https:\/\/unicuida.com\/es\/wp-json\/wp\/v2\/pages\/394","targetHints":{"allow":["GET"]}}],"collection":[{"href":"https:\/\/unicuida.com\/es\/wp-json\/wp\/v2\/pages"}],"about":[{"href":"https:\/\/unicuida.com\/es\/wp-json\/wp\/v2\/types\/page"}],"author":[{"embeddable":true,"href":"https:\/\/unicuida.com\/es\/wp-json\/wp\/v2\/users\/1"}],"replies":[{"embeddable":true,"href":"https:\/\/unicuida.com\/es\/wp-json\/wp\/v2\/comments?post=394"}],"version-history":[{"count":1,"href":"https:\/\/unicuida.com\/es\/wp-json\/wp\/v2\/pages\/394\/revisions"}],"predecessor-version":[{"id":395,"href":"https:\/\/unicuida.com\/es\/wp-json\/wp\/v2\/pages\/394\/revisions\/395"}],"wp:attachment":[{"href":"https:\/\/unicuida.com\/es\/wp-json\/wp\/v2\/media?parent=394"}],"curies":[{"name":"wp","href":"https:\/\/api.w.org\/{rel}","templated":true}]}}